{"id":96,"date":"2025-12-30T12:12:51","date_gmt":"2025-12-30T11:12:51","guid":{"rendered":"https:\/\/dallinger.de\/apps\/?page_id=96"},"modified":"2025-12-30T12:48:07","modified_gmt":"2025-12-30T11:48:07","slug":"gluecksmotto","status":"publish","type":"page","link":"https:\/\/dallinger.de\/apps\/gluecksmotto\/","title":{"rendered":"Gl\u00fccksmotto"},"content":{"rendered":"\n<p>Erfreue und ermutige dich t\u00e4glich selbst mit deinen pers\u00f6nlichen Gl\u00fccksmottos mit Bild und Text per Benutzerbenachrichtigung und Widget.<\/p>\n\n\n\n<p><a href=\"https:\/\/apps.apple.com\/de\/app\/id1660449646\">https:\/\/apps.apple.com\/de\/app\/id1660449646<\/a><\/p>\n\n\n\n<h2 class=\"wp-block-heading\"><strong>Datenschutz<\/strong><\/h2>\n\n\n\n<p>Diese App speichert nur die personenbezogenen Daten, die du eingibst. Du kannst sie jederzeit in der App wieder l\u00f6schen. Wenn du die App l\u00f6schst, so werden auch alle personenbezogenen Daten gel\u00f6scht.<\/p>\n\n\n\n<p>Diese App ist mit viel Liebe und Sorgfalt entwickelt worden. Trotzdem kann ich keine Garantie daf\u00fcr \u00fcbernehmen, dass sie fehlerfrei funktioniert. Speichere daher wichtige Daten auch an einem anderen, sicheren Ort und sichere sie regelm\u00e4\u00dfig, damit du sie nicht verlierst.<\/p>\n\n\n\n<h2 class=\"wp-block-heading\"><strong>Impressum<\/strong><\/h2>\n\n\n\n<h3 class=\"wp-block-heading\">Anbieter (TMG) und Verantwortlicher (RStV)<\/h3>\n\n\n\n<p>Wolf Dieter Dallinger<br>Eckartshaldenweg 11<br>70191 Stuttgart<br>Deutschland<\/p>\n\n\n\n<p>Telefon +49 711 2567558<br>E-Mail&nbsp;<a href=\"mailto:apps@dallinger.de\">apps@dallinger.de<\/a><\/p>\n\n\n\n<p>USt-IdNr. DE300598022<\/p>\n\n\n\n<p>Alle Rechte vorbehalten.<\/p>\n","protected":false},"excerpt":{"rendered":"<p>Erfreue und ermutige dich t\u00e4glich selbst mit deinen pers\u00f6nlichen Gl\u00fccksmottos mit Bild und Text per Benutzerbenachrichtigung und Widget. https:\/\/apps.apple.com\/de\/app\/id1660449646 Datenschutz Diese App speichert nur die personenbezogenen Daten, die du eingibst. Du kannst sie jederzeit in der App wieder l\u00f6schen. Wenn du die App l\u00f6schst, so werden auch alle personenbezogenen Daten gel\u00f6scht. Diese App ist mit &hellip; <a href=\"https:\/\/dallinger.de\/apps\/gluecksmotto\/\" class=\"more-link\"><span class=\"screen-reader-text\">\u201eGl\u00fccksmotto\u201c <\/span>weiterlesen<\/a><\/p>\n","protected":false},"author":1,"featured_media":0,"parent":0,"menu_order":0,"comment_status":"closed","ping_status":"closed","template":"","meta":{"footnotes":""},"class_list":["post-96","page","type-page","status-publish","hentry"],"_links":{"self":[{"href":"https:\/\/dallinger.de\/apps\/wp-json\/wp\/v2\/pages\/96","targetHints":{"allow":["GET"]}}],"collection":[{"href":"https:\/\/dallinger.de\/apps\/wp-json\/wp\/v2\/pages"}],"about":[{"href":"https:\/\/dallinger.de\/apps\/wp-json\/wp\/v2\/types\/page"}],"author":[{"embeddable":true,"href":"https:\/\/dallinger.de\/apps\/wp-json\/wp\/v2\/users\/1"}],"replies":[{"embeddable":true,"href":"https:\/\/dallinger.de\/apps\/wp-json\/wp\/v2\/comments?post=96"}],"version-history":[{"count":4,"href":"https:\/\/dallinger.de\/apps\/wp-json\/wp\/v2\/pages\/96\/revisions"}],"predecessor-version":[{"id":103,"href":"https:\/\/dallinger.de\/apps\/wp-json\/wp\/v2\/pages\/96\/revisions\/103"}],"wp:attachment":[{"href":"https:\/\/dallinger.de\/apps\/wp-json\/wp\/v2\/media?parent=96"}],"curies":[{"name":"wp","href":"https:\/\/api.w.org\/{rel}","templated":true}]}}