{"id":9,"date":"2016-09-13T14:59:58","date_gmt":"2016-09-13T12:59:58","guid":{"rendered":"http:\/\/apps.dallinger.de\/?page_id=9"},"modified":"2019-04-05T09:34:27","modified_gmt":"2019-04-05T07:34:27","slug":"attack-of-the-hostile-numbers","status":"publish","type":"page","link":"https:\/\/dallinger.de\/apps\/attack-of-the-hostile-numbers\/","title":{"rendered":"Attack Of The Hostile Numbers"},"content":{"rendered":"<h1>Datenschutz<\/h1>\n<p>Dieses App speichert lokal und \u2013 sofern eingeloggt \u2013 im Game Center den pers\u00f6nlichen H\u00f6chstpunktestand.<\/p>\n<p>Gespeicherte Daten werden gel\u00f6scht, wenn Sie die App auf Ihrem Ger\u00e4t l\u00f6schen.<\/p>\n<h1>Privacy Protection<\/h1>\n<p>This app saves locally and \u2013 if logged in \u2013 in game center the personal high score.<\/p>\n<p>Saved data will be deleted if you delete the app.<\/p>\n","protected":false},"excerpt":{"rendered":"<p>Datenschutz Dieses App speichert lokal und \u2013 sofern eingeloggt \u2013 im Game Center den pers\u00f6nlichen H\u00f6chstpunktestand. Gespeicherte Daten werden gel\u00f6scht, wenn Sie die App auf Ihrem Ger\u00e4t l\u00f6schen. Privacy Protection This app saves locally and \u2013 if logged in \u2013 in game center the personal high score. Saved data will be deleted if you delete &hellip; <a href=\"https:\/\/dallinger.de\/apps\/attack-of-the-hostile-numbers\/\" class=\"more-link\"><span class=\"screen-reader-text\">\u201eAttack Of The Hostile Numbers\u201c <\/span>weiterlesen<\/a><\/p>\n","protected":false},"author":1,"featured_media":0,"parent":0,"menu_order":0,"comment_status":"closed","ping_status":"closed","template":"","meta":{"footnotes":""},"class_list":["post-9","page","type-page","status-publish","hentry"],"_links":{"self":[{"href":"https:\/\/dallinger.de\/apps\/wp-json\/wp\/v2\/pages\/9","targetHints":{"allow":["GET"]}}],"collection":[{"href":"https:\/\/dallinger.de\/apps\/wp-json\/wp\/v2\/pages"}],"about":[{"href":"https:\/\/dallinger.de\/apps\/wp-json\/wp\/v2\/types\/page"}],"author":[{"embeddable":true,"href":"https:\/\/dallinger.de\/apps\/wp-json\/wp\/v2\/users\/1"}],"replies":[{"embeddable":true,"href":"https:\/\/dallinger.de\/apps\/wp-json\/wp\/v2\/comments?post=9"}],"version-history":[{"count":6,"href":"https:\/\/dallinger.de\/apps\/wp-json\/wp\/v2\/pages\/9\/revisions"}],"predecessor-version":[{"id":49,"href":"https:\/\/dallinger.de\/apps\/wp-json\/wp\/v2\/pages\/9\/revisions\/49"}],"wp:attachment":[{"href":"https:\/\/dallinger.de\/apps\/wp-json\/wp\/v2\/media?parent=9"}],"curies":[{"name":"wp","href":"https:\/\/api.w.org\/{rel}","templated":true}]}}