{"id":78,"date":"2023-12-01T11:17:32","date_gmt":"2023-12-01T10:17:32","guid":{"rendered":"https:\/\/dallinger.de\/apps\/?page_id=78"},"modified":"2023-12-01T11:17:32","modified_gmt":"2023-12-01T10:17:32","slug":"blutsauerstoff","status":"publish","type":"page","link":"https:\/\/dallinger.de\/apps\/blutsauerstoff\/","title":{"rendered":"Blutsauerstoff"},"content":{"rendered":"\n<p>Gewinne einen besseren Einblick in den Verlauf deiner Blutsauerstoffwerte aus Apples Health-App.<\/p>\n\n\n\n<p>Deine Blutsauerstoffwerte werden nach Kalenderstunden zusammengefasst und mit Mittelwert, Standardabweichung und Zielbereich in einem Diagramm dargestellt. Tippe auf eine Stelle im Diagramm f\u00fcr eine Ansicht mit den Daten zu der angetippten Kalenderstunde.<\/p>\n\n\n\n<p>In welcher Stunde ist der Mittelwert besonders hoch? Wann streuen die Messwerte stark, das hei\u00dft die Standardabweichung ist gro\u00df?<\/p>\n\n\n\n<p>Hat sich etwas im Laufe der Zeit ver\u00e4ndert? Vergleiche dazu die Daten von einem, drei und sechs Monaten.<\/p>\n\n\n\n<p>Diese App ist keine medizinische App und dient rein zur Visualisierung von Daten aus Apples Health-App. Verwende diese App nicht als Diagnosegrundlage. Diese App ersetzt keine \u00e4rztliche Diagnose und Betreuung. \u00c4ndere insbesondere deine Medikation nicht aufgrund der Angaben in dieser App.<\/p>\n\n\n\n<h2 class=\"wp-block-heading\">Rechtliches\u00a0<\/h2>\n\n\n\n<p>Diese App ist keine medizinische App und dient rein zur Visualisierung von Daten aus Apples Health-App. Verwende diese App nicht als Diagnosegrundlage. Diese App ersetzt keine \u00e4rztliche Diagnose und Betreuung. \u00c4ndere insbesondere deine Medikation nicht aufgrund der Angaben in dieser App.<\/p>\n\n\n\n<p>Die App ist mit viel Sorgfalt erstellt worden. Trotzdem kann sie Fehler enthalten. Soweit gesetzlich zul\u00e4ssig schlie\u00dfe ich die Haftung f\u00fcr Fehler und deren Folgen aus. Gib mir bitte Bescheid, wenn du einen Fehler entdeckst. Meine Kontaktdaten findest du hier am Ende des Rechtlichen.<\/p>\n\n\n\n<p><strong>Datenschutz<\/strong><\/p>\n\n\n\n<p>Diese App erhebt und speichert keine personenbezogenen Daten mit folgenden Ausnahmen:<\/p>\n\n\n\n<ul class=\"wp-block-list\">\n<li>Wenn du im Systemdialog dieser App das Lesen von Daten aus Apples Health-App erlaubt hast, so liest die App diese Daten ein und stellt sie f\u00fcr dich auf verschiedene Arten dar.<\/li>\n<\/ul>\n\n\n\n<ul class=\"wp-block-list\">\n<li>Diese App hat dar\u00fcber hinaus keinen Zugriff auf Daten in Apples Health-App. Insbesondere kann diese App in Apples Health-App keine Daten anlegen, \u00e4ndern oder l\u00f6schen. Wenn du Daten anlegen, \u00e4ndern oder l\u00f6schen m\u00f6chtest, so rufe Apples Health-App auf.<\/li>\n<\/ul>\n\n\n\n<ul class=\"wp-block-list\">\n<li>Die Daten liegen in dieser App nicht persistent vor, das hei\u00dft, wenn diese App beendet wird, so sind auch keine personenbezogenen Daten mehr in der App gespeichert. Nach dem n\u00e4chsten Start dieser App werden die Daten erneut aus Apples Health-App eingelesen, sofern diese App weiterhin \u00fcber entsprechende Rechte verf\u00fcgt.<\/li>\n<\/ul>\n\n\n\n<ul class=\"wp-block-list\">\n<li>Diese App exportiert Daten nur, wenn du dies \u00fcber den Systemdialog f\u00fcrs Teilen anweist. Diese Funktion mag zu diesem Zeitpunkt noch nicht umgesetzt sein.<\/li>\n<\/ul>\n\n\n\n<p><strong>Impressum<\/strong><\/p>\n\n\n\n<p>Anbieter (TMG) und Verantwortlicher (RStV)<\/p>\n\n\n\n<p>Wolf Dieter Dallinger<\/p>\n\n\n\n<p>Eckartshaldenweg 11<\/p>\n\n\n\n<p>70191 Stuttgart<\/p>\n\n\n\n<p>Deutschland<\/p>\n\n\n\n<p>Telefon +49 711 2567558<\/p>\n\n\n\n<p>E-Mail <a href=\"mailto:apps@dallinger.de\">apps@dallinger.de<\/a><\/p>\n\n\n\n<p>USt-IdNr. DE300598022<\/p>\n\n\n\n<p>Alle Rechte vorbehalten.<\/p>\n","protected":false},"excerpt":{"rendered":"<p>Gewinne einen besseren Einblick in den Verlauf deiner Blutsauerstoffwerte aus Apples Health-App. Deine Blutsauerstoffwerte werden nach Kalenderstunden zusammengefasst und mit Mittelwert, Standardabweichung und Zielbereich in einem Diagramm dargestellt. Tippe auf eine Stelle im Diagramm f\u00fcr eine Ansicht mit den Daten zu der angetippten Kalenderstunde. In welcher Stunde ist der Mittelwert besonders hoch? Wann streuen die &hellip; <a href=\"https:\/\/dallinger.de\/apps\/blutsauerstoff\/\" class=\"more-link\"><span class=\"screen-reader-text\">\u201eBlutsauerstoff\u201c <\/span>weiterlesen<\/a><\/p>\n","protected":false},"author":1,"featured_media":0,"parent":0,"menu_order":0,"comment_status":"closed","ping_status":"closed","template":"","meta":{"footnotes":""},"class_list":["post-78","page","type-page","status-publish","hentry"],"_links":{"self":[{"href":"https:\/\/dallinger.de\/apps\/wp-json\/wp\/v2\/pages\/78","targetHints":{"allow":["GET"]}}],"collection":[{"href":"https:\/\/dallinger.de\/apps\/wp-json\/wp\/v2\/pages"}],"about":[{"href":"https:\/\/dallinger.de\/apps\/wp-json\/wp\/v2\/types\/page"}],"author":[{"embeddable":true,"href":"https:\/\/dallinger.de\/apps\/wp-json\/wp\/v2\/users\/1"}],"replies":[{"embeddable":true,"href":"https:\/\/dallinger.de\/apps\/wp-json\/wp\/v2\/comments?post=78"}],"version-history":[{"count":1,"href":"https:\/\/dallinger.de\/apps\/wp-json\/wp\/v2\/pages\/78\/revisions"}],"predecessor-version":[{"id":79,"href":"https:\/\/dallinger.de\/apps\/wp-json\/wp\/v2\/pages\/78\/revisions\/79"}],"wp:attachment":[{"href":"https:\/\/dallinger.de\/apps\/wp-json\/wp\/v2\/media?parent=78"}],"curies":[{"name":"wp","href":"https:\/\/api.w.org\/{rel}","templated":true}]}}