{"id":29,"date":"2016-09-13T15:12:23","date_gmt":"2016-09-13T13:12:23","guid":{"rendered":"http:\/\/apps.dallinger.de\/?page_id=29"},"modified":"2024-12-10T22:59:52","modified_gmt":"2024-12-10T21:59:52","slug":"startseite","status":"publish","type":"page","link":"https:\/\/dallinger.de\/apps\/","title":{"rendered":"Wolf Dieter Dallinger Softwareentwicklung"},"content":{"rendered":"\n<p>Leidenschaft f\u00fcr App-Entwicklung f\u00fcr iPhone, iPad, Mac und Co.<\/p>\n\n\n\n<p><strong>Arbeitsgebiet und Dienstleistungen<\/strong><\/p>\n\n\n\n<ul class=\"wp-block-list\">\n<li>Gerne entwickele ich in Zusammenarbeit mit Ihnen f\u00fcr Sie Ihr App-Projekt nativ im Apple-Universum f\u00fcr iPhone, iPad, Mac und Co.<\/li>\n\n\n\n<li>Bevorzugtes Entwurfsmuster ist Model-View (MV), bevorzugtes GUI-Framework ist SwiftUI von Apple.<\/li>\n\n\n\n<li>Tandempartner f\u00fcr Android und Backend geg. verf\u00fcgbar.<\/li>\n\n\n\n<li>Gerne freue ich mich \u00fcber Ihre Kontaktaufnahme (<a href=\"mailto:info@apps.dallinger.de\">info@apps.dallinger.de<\/a>).<\/li>\n<\/ul>\n\n\n\n<p><strong>Besondere Dienstleistungen<\/strong><\/p>\n\n\n\n<ul class=\"wp-block-list\">\n<li>Sie stehen unter Zeitdruck?<\/li>\n\n\n\n<li>Sie ben\u00f6tigen kurzfristig eine kleine App z. B. f\u00fcr eine Messe?<\/li>\n\n\n\n<li>Der Abgabetermin f\u00fcr Ihr Projekt r\u00fcckt n\u00e4her und Sie ben\u00f6tigen Unterst\u00fctzung, z. B. durch Zuarbeit eines Modules?<\/li>\n\n\n\n<li>Ihnen fehlt die Zeit f\u00fcr die Einarbeitung in ein Framework von Apple oder die z\u00fcndende Idee f\u00fcr eine Probleml\u00f6sung?<\/li>\n\n\n\n<li>Gerne freue ich mich \u00fcber Ihre Kontaktaufnahme (<a href=\"mailto:info@apps.dallinger.de\">info@apps.dallinger.de<\/a>).<\/li>\n<\/ul>\n\n\n\n<p><strong>Beispiel-App<\/strong><\/p>\n\n\n\n<ul class=\"wp-block-list\">\n<li>Blutsauerstoff-App: <a href=\"https:\/\/apps.apple.com\/de\/app\/blutsauerstoff-app\/id6473556940\">https:\/\/apps.apple.com\/de\/app\/blutsauerstoff-app\/id6473556940<\/a><\/li>\n<\/ul>\n\n\n\n<p><strong>Software-Entwurfsmuster<\/strong><\/p>\n\n\n\n<ul class=\"wp-block-list\">\n<li>Model-View MV<\/li>\n\n\n\n<li>(Model-View-Controller MVC)<\/li>\n<\/ul>\n\n\n\n<p>Geklammerte Elemente verwende ich normalerweise nicht mehr bei neuen Projekten.<\/p>\n\n\n\n<p><strong>Technologie-Stack<\/strong><\/p>\n\n\n\n<ul class=\"wp-block-list\">\n<li>AppleScript<\/li>\n\n\n\n<li>ARKit<\/li>\n\n\n\n<li>CareKit<\/li>\n\n\n\n<li>Concurrency<\/li>\n\n\n\n<li>Core Data<\/li>\n\n\n\n<li>Core Midi<\/li>\n\n\n\n<li>Git<\/li>\n\n\n\n<li>HealthKit<\/li>\n\n\n\n<li>(Objective-C)<\/li>\n\n\n\n<li>RegexBuilder<\/li>\n\n\n\n<li>ResearchKit<\/li>\n\n\n\n<li>Swift<\/li>\n\n\n\n<li>Swift Charts<\/li>\n\n\n\n<li>Swift packages<\/li>\n\n\n\n<li>Swift Testing<\/li>\n\n\n\n<li>SwiftData<\/li>\n\n\n\n<li>SwiftUI<\/li>\n\n\n\n<li>(UIKit)<\/li>\n\n\n\n<li>WidgetKit<\/li>\n\n\n\n<li>Xcode<\/li>\n\n\n\n<li>XCTest<\/li>\n<\/ul>\n\n\n\n<p>Kenntnisse in weiteren Frameworks sind vorhanden und Einarbeitung in weitere Frameworks ist m\u00f6glich.<\/p>\n\n\n\n<p>Geklammerte Elemente verwende ich normalerweise nicht mehr bei neuen Projekten.<\/p>\n\n\n\n<p><strong>Links<\/strong><\/p>\n\n\n\n<ul class=\"wp-block-list\">\n<li>Homepage (diese Seite): <a href=\"https:\/\/dallinger.de\/apps\/\">https:\/\/dallinger.de\/apps\/<\/a><\/li>\n\n\n\n<li>Eigene \u00f6ffentliche Frameworks auf GitHub: <a href=\"https:\/\/github.com\/WolfDieterDallinger\">https:\/\/github.com\/WolfDieterDallinger<\/a><\/li>\n\n\n\n<li>Beispiel-App: <a href=\"https:\/\/apps.apple.com\/de\/app\/blutsauerstoff-app\/id6473556940\">https:\/\/apps.apple.com\/de\/app\/blutsauerstoff-app\/id6473556940<\/a><\/li>\n\n\n\n<li>App-Store: <a href=\"https:\/\/apps.apple.com\/de\/developer\/wolf-dieter-dallinger\/id868206225\">https:\/\/apps.apple.com\/de\/developer\/wolf-dieter-dallinger\/id868206225<\/a><\/li>\n\n\n\n<li>LinkedIn (ich freue mich \u00fcber Kontaktanfragen): <a href=\"https:\/\/www.linkedin.com\/in\/wolf-dieter-dallinger-b3ab76148\">https:\/\/www.linkedin.com\/in\/wolf-dieter-dallinger-b3ab76148<\/a><\/li>\n\n\n\n<li>Eigene Artikel in Medien, hier z. B. bei Heise: <a href=\"https:\/\/www.heise.de\/hintergrund\/Refaktorierung-in-SwiftUI-mit-Property-Wrappern-und-ViewModifiern-9185527.html\">https:\/\/www.heise.de\/hintergrund\/Refaktorierung-in-SwiftUI-mit-Property-Wrappern-und-ViewModifiern-9185527.html<\/a><\/li>\n<\/ul>\n","protected":false},"excerpt":{"rendered":"<p>Leidenschaft f\u00fcr App-Entwicklung f\u00fcr iPhone, iPad, Mac und Co. Arbeitsgebiet und Dienstleistungen Besondere Dienstleistungen Beispiel-App Software-Entwurfsmuster Geklammerte Elemente verwende ich normalerweise nicht mehr bei neuen Projekten. Technologie-Stack Kenntnisse in weiteren Frameworks sind vorhanden und Einarbeitung in weitere Frameworks ist m\u00f6glich. Geklammerte Elemente verwende ich normalerweise nicht mehr bei neuen Projekten. Links<\/p>\n","protected":false},"author":1,"featured_media":0,"parent":0,"menu_order":0,"comment_status":"closed","ping_status":"closed","template":"","meta":{"footnotes":""},"class_list":["post-29","page","type-page","status-publish","hentry"],"_links":{"self":[{"href":"https:\/\/dallinger.de\/apps\/wp-json\/wp\/v2\/pages\/29","targetHints":{"allow":["GET"]}}],"collection":[{"href":"https:\/\/dallinger.de\/apps\/wp-json\/wp\/v2\/pages"}],"about":[{"href":"https:\/\/dallinger.de\/apps\/wp-json\/wp\/v2\/types\/page"}],"author":[{"embeddable":true,"href":"https:\/\/dallinger.de\/apps\/wp-json\/wp\/v2\/users\/1"}],"replies":[{"embeddable":true,"href":"https:\/\/dallinger.de\/apps\/wp-json\/wp\/v2\/comments?post=29"}],"version-history":[{"count":3,"href":"https:\/\/dallinger.de\/apps\/wp-json\/wp\/v2\/pages\/29\/revisions"}],"predecessor-version":[{"id":86,"href":"https:\/\/dallinger.de\/apps\/wp-json\/wp\/v2\/pages\/29\/revisions\/86"}],"wp:attachment":[{"href":"https:\/\/dallinger.de\/apps\/wp-json\/wp\/v2\/media?parent=29"}],"curies":[{"name":"wp","href":"https:\/\/api.w.org\/{rel}","templated":true}]}}